{"id":868,"date":"2025-04-26T08:50:11","date_gmt":"2025-04-26T07:50:11","guid":{"rendered":"https:\/\/todoencajavilafranca.com\/avis-legal\/"},"modified":"2025-04-26T09:00:57","modified_gmt":"2025-04-26T08:00:57","slug":"avis-legal","status":"publish","type":"page","link":"https:\/\/todoencajavilafranca.com\/ca\/avis-legal\/","title":{"rendered":"Av\u00eds legal"},"content":{"rendered":"\t\t<div data-elementor-type=\"wp-page\" data-elementor-id=\"868\" class=\"elementor elementor-868 elementor-841\" data-elementor-post-type=\"page\">\n\t\t\t\t<div class=\"elementor-element elementor-element-483de17f e-con-full e-flex e-con e-parent\" data-id=\"483de17f\" data-element_type=\"container\" data-e-type=\"container\">\n\t\t<div class=\"elementor-element elementor-element-e439623 e-con-full e-flex e-con e-child\" data-id=\"e439623\" data-element_type=\"container\" data-e-type=\"container\" data-settings=\"{&quot;background_background&quot;:&quot;classic&quot;}\">\n\t\t<div class=\"elementor-element elementor-element-4f548c90 e-con-full e-flex e-con e-child\" data-id=\"4f548c90\" data-element_type=\"container\" data-e-type=\"container\">\n\t\t\t\t<div class=\"elementor-element elementor-element-91f9ec8 elementor-widget elementor-widget-text-editor\" data-id=\"91f9ec8\" data-element_type=\"widget\" data-e-type=\"widget\" data-widget_type=\"text-editor.default\">\n\t\t\t\t<div class=\"elementor-widget-container\">\n\t\t\t\t\t\t\t\t\t<p>Av\u00eds Legal<\/p>\t\t\t\t\t\t\t\t<\/div>\n\t\t\t\t<\/div>\n\t\t\t\t<div class=\"elementor-element elementor-element-7d2b28c4 elementor-widget elementor-widget-text-editor\" data-id=\"7d2b28c4\" data-element_type=\"widget\" data-e-type=\"widget\" data-widget_type=\"text-editor.default\">\n\t\t\t\t<div class=\"elementor-widget-container\">\n\t\t\t\t\t\t\t\t\t<p data-pm-slice=\"1 1 []\"><strong>1. Informaci\u00f3 General<\/strong><br> En compliment amb all\u00f2 establert a la Llei 34\/2002 de Serveis de la Societat de la Informaci\u00f3 i de Comer\u00e7 Electr\u00f2nic (LSSI-CE), s&#8217;informa que aquesta p\u00e0gina web \u00e9s propietat de <em>TODOENCAJA TRASTEROS SL<\/em> (B56920945), amb domicili al <em>C\/Martorell 30, 08720 Vilafranca del Pened\u00e8s<\/em> . El nom comercial \u00e9s <em>TODOENCAJA Vilafranca<\/em> .<\/p><p><strong>2. Condicions d&#8217;\u00fas<\/strong><br> L&#8217;acc\u00e9s al web de <em>TODOENCAIXA Vilafranca<\/em> implica l&#8217;acceptaci\u00f3 de les presents condicions d&#8217;\u00fas. L&#8217;usuari es compromet a utilitzar aquesta web de forma l\u00edcita ia no realitzar activitats que puguin fer malb\u00e9 els drets de <em>TODOENCAJA TRASTEROS SL<\/em> o de tercers.<\/p><p><strong>3. Propietat Intel\u00b7lectual<\/strong><br> Tots els continguts, textos, imatges i logotips d&#8217;aquesta web s\u00f3n propietat de <em>TODOENCAJA TRASTEROS SL<\/em> i estan protegits pels drets de propietat intel\u00b7lectual. No se&#8217;n permet la reproducci\u00f3, distribuci\u00f3 o modificaci\u00f3 sense l&#8217;autoritzaci\u00f3 pr\u00e8via del titular.<\/p><p><strong>4. Protecci\u00f3 de dades personals<\/strong><br> En compliment de la normativa vigent en mat\u00e8ria de protecci\u00f3 de dades, us informem que les dades personals proporcionades seran tractades conforme a la nostra <em>Pol\u00edtica de Privadesa<\/em> . Per a qualsevol consulta o exercici de drets, ens pots contactar a trav\u00e9s del correu electr\u00f2nic <a><em>web@todoencajavilafranca.com<\/em><\/a> .<\/p><p><strong>5. Limitaci\u00f3 de Responsabilitat<\/strong><br><em>TODOENCAJA TRASTEROS SL<\/em> no es responsabilitza dels possibles errors o omissions en els continguts d&#8217;aquesta web, ni dels danys que puguin derivar-se del seu \u00fas. Tamb\u00e9 es reserva el dret a modificar qualsevol contingut sense av\u00eds previ.<\/p><p><strong>6. Legislaci\u00f3 Aplicable i Jurisdicci\u00f3<\/strong><br> Aquestes condicions es regeixen per la legislaci\u00f3 espanyola. Qualsevol controv\u00e8rsia que pugui sorgir ser\u00e0 sotmesa als jutjats i als tribunals de Barcelona.<\/p>\t\t\t\t\t\t\t\t<\/div>\n\t\t\t\t<\/div>\n\t\t\t\t<\/div>\n\t\t\t\t<\/div>\n\t\t\t\t<\/div>\n\t\t\t\t<\/div>\n\t\t","protected":false},"excerpt":{"rendered":"<p>Av\u00eds Legal 1. Informaci\u00f3 General En compliment amb all\u00f2 establert a la Llei 34\/2002 de Serveis de la Societat de la Informaci\u00f3 i de Comer\u00e7 Electr\u00f2nic (LSSI-CE), s&#8217;informa que aquesta p\u00e0gina web \u00e9s propietat de TODOENCAJA TRASTEROS SL (B56920945), amb domicili al C\/Martorell 30, 08720 Vilafranca del Pened\u00e8s . El nom comercial \u00e9s TODOENCAJA Vilafranca [&hellip;]<\/p>\n","protected":false},"author":1,"featured_media":0,"parent":0,"menu_order":0,"comment_status":"closed","ping_status":"closed","template":"","meta":{"footnotes":""},"class_list":["post-868","page","type-page","status-publish","hentry"],"yoast_head":"<!-- This site is optimized with the Yoast SEO plugin v27.4 - https:\/\/yoast.com\/product\/yoast-seo-wordpress\/ -->\n<title>Av\u00eds legal - todoencaja<\/title>\n<meta name=\"robots\" content=\"index, follow, max-snippet:-1, max-image-preview:large, max-video-preview:-1\" \/>\n<link rel=\"canonical\" href=\"https:\/\/todoencajavilafranca.com\/ca\/avis-legal\/\" \/>\n<meta property=\"og:locale\" content=\"ca_ES\" \/>\n<meta property=\"og:type\" content=\"article\" \/>\n<meta property=\"og:title\" content=\"Av\u00eds legal - todoencaja\" \/>\n<meta property=\"og:description\" content=\"Av\u00eds Legal 1. Informaci\u00f3 General En compliment amb all\u00f2 establert a la Llei 34\/2002 de Serveis de la Societat de la Informaci\u00f3 i de Comer\u00e7 Electr\u00f2nic (LSSI-CE), s&#8217;informa que aquesta p\u00e0gina web \u00e9s propietat de TODOENCAJA TRASTEROS SL (B56920945), amb domicili al C\/Martorell 30, 08720 Vilafranca del Pened\u00e8s . El nom comercial \u00e9s TODOENCAJA Vilafranca [&hellip;]\" \/>\n<meta property=\"og:url\" content=\"https:\/\/todoencajavilafranca.com\/ca\/avis-legal\/\" \/>\n<meta property=\"og:site_name\" content=\"todoencaja\" \/>\n<meta property=\"article:modified_time\" content=\"2025-04-26T08:00:57+00:00\" \/>\n<meta name=\"twitter:card\" content=\"summary_large_image\" \/>\n<meta name=\"twitter:label1\" content=\"Temps estimat de lectura\" \/>\n\t<meta name=\"twitter:data1\" content=\"1 minut\" \/>\n<script type=\"application\/ld+json\" class=\"yoast-schema-graph\">{\"@context\":\"https:\\\/\\\/schema.org\",\"@graph\":[{\"@type\":\"WebPage\",\"@id\":\"https:\\\/\\\/todoencajavilafranca.com\\\/ca\\\/avis-legal\\\/\",\"url\":\"https:\\\/\\\/todoencajavilafranca.com\\\/ca\\\/avis-legal\\\/\",\"name\":\"Av\u00eds legal - todoencaja\",\"isPartOf\":{\"@id\":\"https:\\\/\\\/todoencajavilafranca.com\\\/ca\\\/#website\"},\"datePublished\":\"2025-04-26T07:50:11+00:00\",\"dateModified\":\"2025-04-26T08:00:57+00:00\",\"breadcrumb\":{\"@id\":\"https:\\\/\\\/todoencajavilafranca.com\\\/ca\\\/avis-legal\\\/#breadcrumb\"},\"inLanguage\":\"ca\",\"potentialAction\":[{\"@type\":\"ReadAction\",\"target\":[\"https:\\\/\\\/todoencajavilafranca.com\\\/ca\\\/avis-legal\\\/\"]}]},{\"@type\":\"BreadcrumbList\",\"@id\":\"https:\\\/\\\/todoencajavilafranca.com\\\/ca\\\/avis-legal\\\/#breadcrumb\",\"itemListElement\":[{\"@type\":\"ListItem\",\"position\":1,\"name\":\"Home\",\"item\":\"https:\\\/\\\/todoencajavilafranca.com\\\/ca\\\/\"},{\"@type\":\"ListItem\",\"position\":2,\"name\":\"Av\u00eds legal\"}]},{\"@type\":\"WebSite\",\"@id\":\"https:\\\/\\\/todoencajavilafranca.com\\\/ca\\\/#website\",\"url\":\"https:\\\/\\\/todoencajavilafranca.com\\\/ca\\\/\",\"name\":\"todoencaja\",\"description\":\"\",\"publisher\":{\"@id\":\"https:\\\/\\\/todoencajavilafranca.com\\\/ca\\\/#organization\"},\"potentialAction\":[{\"@type\":\"SearchAction\",\"target\":{\"@type\":\"EntryPoint\",\"urlTemplate\":\"https:\\\/\\\/todoencajavilafranca.com\\\/ca\\\/?s={search_term_string}\"},\"query-input\":{\"@type\":\"PropertyValueSpecification\",\"valueRequired\":true,\"valueName\":\"search_term_string\"}}],\"inLanguage\":\"ca\"},{\"@type\":\"Organization\",\"@id\":\"https:\\\/\\\/todoencajavilafranca.com\\\/ca\\\/#organization\",\"name\":\"todoencaja\",\"url\":\"https:\\\/\\\/todoencajavilafranca.com\\\/ca\\\/\",\"logo\":{\"@type\":\"ImageObject\",\"inLanguage\":\"ca\",\"@id\":\"https:\\\/\\\/todoencajavilafranca.com\\\/ca\\\/#\\\/schema\\\/logo\\\/image\\\/\",\"url\":\"https:\\\/\\\/todoencajavilafranca.com\\\/wp-content\\\/uploads\\\/2025\\\/03\\\/logo-centrado.svg\",\"contentUrl\":\"https:\\\/\\\/todoencajavilafranca.com\\\/wp-content\\\/uploads\\\/2025\\\/03\\\/logo-centrado.svg\",\"width\":300,\"height\":183,\"caption\":\"todoencaja\"},\"image\":{\"@id\":\"https:\\\/\\\/todoencajavilafranca.com\\\/ca\\\/#\\\/schema\\\/logo\\\/image\\\/\"},\"sameAs\":[\"https:\\\/\\\/www.instagram.com\\\/todoencajavilafranca\\\/\"]}]}<\/script>\n<!-- \/ Yoast SEO plugin. -->","yoast_head_json":{"title":"Av\u00eds legal - todoencaja","robots":{"index":"index","follow":"follow","max-snippet":"max-snippet:-1","max-image-preview":"max-image-preview:large","max-video-preview":"max-video-preview:-1"},"canonical":"https:\/\/todoencajavilafranca.com\/ca\/avis-legal\/","og_locale":"ca_ES","og_type":"article","og_title":"Av\u00eds legal - todoencaja","og_description":"Av\u00eds Legal 1. Informaci\u00f3 General En compliment amb all\u00f2 establert a la Llei 34\/2002 de Serveis de la Societat de la Informaci\u00f3 i de Comer\u00e7 Electr\u00f2nic (LSSI-CE), s&#8217;informa que aquesta p\u00e0gina web \u00e9s propietat de TODOENCAJA TRASTEROS SL (B56920945), amb domicili al C\/Martorell 30, 08720 Vilafranca del Pened\u00e8s . El nom comercial \u00e9s TODOENCAJA Vilafranca [&hellip;]","og_url":"https:\/\/todoencajavilafranca.com\/ca\/avis-legal\/","og_site_name":"todoencaja","article_modified_time":"2025-04-26T08:00:57+00:00","twitter_card":"summary_large_image","twitter_misc":{"Temps estimat de lectura":"1 minut"},"schema":{"@context":"https:\/\/schema.org","@graph":[{"@type":"WebPage","@id":"https:\/\/todoencajavilafranca.com\/ca\/avis-legal\/","url":"https:\/\/todoencajavilafranca.com\/ca\/avis-legal\/","name":"Av\u00eds legal - todoencaja","isPartOf":{"@id":"https:\/\/todoencajavilafranca.com\/ca\/#website"},"datePublished":"2025-04-26T07:50:11+00:00","dateModified":"2025-04-26T08:00:57+00:00","breadcrumb":{"@id":"https:\/\/todoencajavilafranca.com\/ca\/avis-legal\/#breadcrumb"},"inLanguage":"ca","potentialAction":[{"@type":"ReadAction","target":["https:\/\/todoencajavilafranca.com\/ca\/avis-legal\/"]}]},{"@type":"BreadcrumbList","@id":"https:\/\/todoencajavilafranca.com\/ca\/avis-legal\/#breadcrumb","itemListElement":[{"@type":"ListItem","position":1,"name":"Home","item":"https:\/\/todoencajavilafranca.com\/ca\/"},{"@type":"ListItem","position":2,"name":"Av\u00eds legal"}]},{"@type":"WebSite","@id":"https:\/\/todoencajavilafranca.com\/ca\/#website","url":"https:\/\/todoencajavilafranca.com\/ca\/","name":"todoencaja","description":"","publisher":{"@id":"https:\/\/todoencajavilafranca.com\/ca\/#organization"},"potentialAction":[{"@type":"SearchAction","target":{"@type":"EntryPoint","urlTemplate":"https:\/\/todoencajavilafranca.com\/ca\/?s={search_term_string}"},"query-input":{"@type":"PropertyValueSpecification","valueRequired":true,"valueName":"search_term_string"}}],"inLanguage":"ca"},{"@type":"Organization","@id":"https:\/\/todoencajavilafranca.com\/ca\/#organization","name":"todoencaja","url":"https:\/\/todoencajavilafranca.com\/ca\/","logo":{"@type":"ImageObject","inLanguage":"ca","@id":"https:\/\/todoencajavilafranca.com\/ca\/#\/schema\/logo\/image\/","url":"https:\/\/todoencajavilafranca.com\/wp-content\/uploads\/2025\/03\/logo-centrado.svg","contentUrl":"https:\/\/todoencajavilafranca.com\/wp-content\/uploads\/2025\/03\/logo-centrado.svg","width":300,"height":183,"caption":"todoencaja"},"image":{"@id":"https:\/\/todoencajavilafranca.com\/ca\/#\/schema\/logo\/image\/"},"sameAs":["https:\/\/www.instagram.com\/todoencajavilafranca\/"]}]}},"_links":{"self":[{"href":"https:\/\/todoencajavilafranca.com\/ca\/wp-json\/wp\/v2\/pages\/868","targetHints":{"allow":["GET"]}}],"collection":[{"href":"https:\/\/todoencajavilafranca.com\/ca\/wp-json\/wp\/v2\/pages"}],"about":[{"href":"https:\/\/todoencajavilafranca.com\/ca\/wp-json\/wp\/v2\/types\/page"}],"author":[{"embeddable":true,"href":"https:\/\/todoencajavilafranca.com\/ca\/wp-json\/wp\/v2\/users\/1"}],"replies":[{"embeddable":true,"href":"https:\/\/todoencajavilafranca.com\/ca\/wp-json\/wp\/v2\/comments?post=868"}],"version-history":[{"count":0,"href":"https:\/\/todoencajavilafranca.com\/ca\/wp-json\/wp\/v2\/pages\/868\/revisions"}],"wp:attachment":[{"href":"https:\/\/todoencajavilafranca.com\/ca\/wp-json\/wp\/v2\/media?parent=868"}],"curies":[{"name":"wp","href":"https:\/\/api.w.org\/{rel}","templated":true}]}}