{"id":870,"date":"2025-04-26T08:55:18","date_gmt":"2025-04-26T07:55:18","guid":{"rendered":"https:\/\/todoencajavilafranca.com\/politica-de-privadesa\/"},"modified":"2025-04-26T09:00:57","modified_gmt":"2025-04-26T08:00:57","slug":"politica-de-privadesa","status":"publish","type":"page","link":"https:\/\/todoencajavilafranca.com\/ca\/politica-de-privadesa\/","title":{"rendered":"Pol\u00edtica de privadesa"},"content":{"rendered":"\t\t<div data-elementor-type=\"wp-page\" data-elementor-id=\"870\" class=\"elementor elementor-870 elementor-850\" data-elementor-post-type=\"page\">\n\t\t\t\t<div class=\"elementor-element elementor-element-17773cf6 e-con-full e-flex e-con e-parent\" data-id=\"17773cf6\" data-element_type=\"container\" data-e-type=\"container\">\n\t\t<div class=\"elementor-element elementor-element-53a35122 e-con-full e-flex e-con e-child\" data-id=\"53a35122\" data-element_type=\"container\" data-e-type=\"container\" data-settings=\"{&quot;background_background&quot;:&quot;classic&quot;}\">\n\t\t<div class=\"elementor-element elementor-element-59d4a122 e-con-full e-flex e-con e-child\" data-id=\"59d4a122\" data-element_type=\"container\" data-e-type=\"container\">\n\t\t\t\t<div class=\"elementor-element elementor-element-495fbe81 elementor-widget elementor-widget-text-editor\" data-id=\"495fbe81\" data-element_type=\"widget\" data-e-type=\"widget\" data-widget_type=\"text-editor.default\">\n\t\t\t\t<div class=\"elementor-widget-container\">\n\t\t\t\t\t\t\t\t\t<p>Pol\u00edtica de privadesa<\/p>\t\t\t\t\t\t\t\t<\/div>\n\t\t\t\t<\/div>\n\t\t\t\t<div class=\"elementor-element elementor-element-3845d434 elementor-widget elementor-widget-text-editor\" data-id=\"3845d434\" data-element_type=\"widget\" data-e-type=\"widget\" data-widget_type=\"text-editor.default\">\n\t\t\t\t<div class=\"elementor-widget-container\">\n\t\t\t\t\t\t\t\t\t<p><strong>1. Introducci\u00f3<\/strong><br> A <em>TODOENCAJA TRASTEROS SL<\/em> (B56920945), ens comprometem a protegir la privadesa i seguretat de les dades personals dels nostres usuaris. Aquesta pol\u00edtica de privadesa explica com recopilem, utilitzem, emmagatzemem i protegim la teva informaci\u00f3.<\/p><p><strong>2. Informaci\u00f3 que Recopilem<\/strong><br> Recopilem informaci\u00f3 personal que ens proporciones directament quan interactues amb la nostra web, com a nom, adre\u00e7a de correu electr\u00f2nic, n\u00famero de tel\u00e8fon i qualsevol altra dada necess\u00e0ria per prestar els nostres serveis. Tamb\u00e9 podem recopilar dades autom\u00e0ticament a trav\u00e9s de galetes o tecnologies similars quan navegues per la nostra p\u00e0gina.<\/p><p><strong>3. Finalitat del Tractament de les Dades<\/strong><br> Utilitzem les dades que recopilem per a:<\/p><ul data-spread=\"false\"><li><p>Proveir els nostres serveis.<\/p><\/li><li><p>Comunicar-nos amb tu i oferir-te informaci\u00f3 rellevant.<\/p><\/li><li><p>Millorar la nostra p\u00e0gina web i lexperi\u00e8ncia dusuari.<\/p><\/li><li><p>Complir les nostres obligacions legals.<\/p><\/li><\/ul><p><strong>4. Compartici\u00f3 de Dades<\/strong><br> Les teves dades no seran compartides amb tercers, excepte quan sigui estrictament necessari per a la prestaci\u00f3 dels serveis o quan la llei ho exigeixi.<\/p><p><strong>5. Drets de l&#8217;Usuari<\/strong><br> Com a usuari, tens dret a accedir, rectificar o eliminar les teves dades, aix\u00ed com a oposar-te o limitar-ne el tractament. Per exercir els teus drets, ens pots contactar al <em>C\/Martorell 30, 08720 Vilafranca del Pened\u00e8s<\/em> o enviant un correu a <a><em>web@todoencajavilafranca.com<\/em><\/a> .<\/p><p><strong>6. Seguretat de les Dades<\/strong><br> Adoptem mesures de seguretat t\u00e8cniques i organitzatives per protegir les teves dades davant d&#8217;accessos no autoritzats, p\u00e8rdua o destrucci\u00f3.<\/p><p><strong>7. Modificacions a la Pol\u00edtica de Privadesa<\/strong><br> Ens reservem el dret de modificar aquesta pol\u00edtica de privadesa en qualsevol moment. Els canvis seran publicats a la nostra web.<\/p>\t\t\t\t\t\t\t\t<\/div>\n\t\t\t\t<\/div>\n\t\t\t\t<\/div>\n\t\t\t\t<\/div>\n\t\t\t\t<\/div>\n\t\t\t\t<\/div>\n\t\t","protected":false},"excerpt":{"rendered":"<p>Pol\u00edtica de privadesa 1. Introducci\u00f3 A TODOENCAJA TRASTEROS SL (B56920945), ens comprometem a protegir la privadesa i seguretat de les dades personals dels nostres usuaris. Aquesta pol\u00edtica de privadesa explica com recopilem, utilitzem, emmagatzemem i protegim la teva informaci\u00f3. 2. Informaci\u00f3 que Recopilem Recopilem informaci\u00f3 personal que ens proporciones directament quan interactues amb la nostra [&hellip;]<\/p>\n","protected":false},"author":1,"featured_media":0,"parent":0,"menu_order":0,"comment_status":"closed","ping_status":"closed","template":"","meta":{"footnotes":""},"class_list":["post-870","page","type-page","status-publish","hentry"],"yoast_head":"<!-- This site is optimized with the Yoast SEO plugin v27.4 - https:\/\/yoast.com\/product\/yoast-seo-wordpress\/ -->\n<title>Pol\u00edtica de privadesa - todoencaja<\/title>\n<meta name=\"robots\" content=\"index, follow, max-snippet:-1, max-image-preview:large, max-video-preview:-1\" \/>\n<link rel=\"canonical\" href=\"https:\/\/todoencajavilafranca.com\/ca\/politica-de-privadesa\/\" \/>\n<meta property=\"og:locale\" content=\"ca_ES\" \/>\n<meta property=\"og:type\" content=\"article\" \/>\n<meta property=\"og:title\" content=\"Pol\u00edtica de privadesa - todoencaja\" \/>\n<meta property=\"og:description\" content=\"Pol\u00edtica de privadesa 1. Introducci\u00f3 A TODOENCAJA TRASTEROS SL (B56920945), ens comprometem a protegir la privadesa i seguretat de les dades personals dels nostres usuaris. Aquesta pol\u00edtica de privadesa explica com recopilem, utilitzem, emmagatzemem i protegim la teva informaci\u00f3. 2. Informaci\u00f3 que Recopilem Recopilem informaci\u00f3 personal que ens proporciones directament quan interactues amb la nostra [&hellip;]\" \/>\n<meta property=\"og:url\" content=\"https:\/\/todoencajavilafranca.com\/ca\/politica-de-privadesa\/\" \/>\n<meta property=\"og:site_name\" content=\"todoencaja\" \/>\n<meta property=\"article:modified_time\" content=\"2025-04-26T08:00:57+00:00\" \/>\n<meta name=\"twitter:card\" content=\"summary_large_image\" \/>\n<meta name=\"twitter:label1\" content=\"Temps estimat de lectura\" \/>\n\t<meta name=\"twitter:data1\" content=\"1 minut\" \/>\n<script type=\"application\/ld+json\" class=\"yoast-schema-graph\">{\"@context\":\"https:\\\/\\\/schema.org\",\"@graph\":[{\"@type\":\"WebPage\",\"@id\":\"https:\\\/\\\/todoencajavilafranca.com\\\/ca\\\/politica-de-privadesa\\\/\",\"url\":\"https:\\\/\\\/todoencajavilafranca.com\\\/ca\\\/politica-de-privadesa\\\/\",\"name\":\"Pol\u00edtica de privadesa - todoencaja\",\"isPartOf\":{\"@id\":\"https:\\\/\\\/todoencajavilafranca.com\\\/ca\\\/#website\"},\"datePublished\":\"2025-04-26T07:55:18+00:00\",\"dateModified\":\"2025-04-26T08:00:57+00:00\",\"breadcrumb\":{\"@id\":\"https:\\\/\\\/todoencajavilafranca.com\\\/ca\\\/politica-de-privadesa\\\/#breadcrumb\"},\"inLanguage\":\"ca\",\"potentialAction\":[{\"@type\":\"ReadAction\",\"target\":[\"https:\\\/\\\/todoencajavilafranca.com\\\/ca\\\/politica-de-privadesa\\\/\"]}]},{\"@type\":\"BreadcrumbList\",\"@id\":\"https:\\\/\\\/todoencajavilafranca.com\\\/ca\\\/politica-de-privadesa\\\/#breadcrumb\",\"itemListElement\":[{\"@type\":\"ListItem\",\"position\":1,\"name\":\"Home\",\"item\":\"https:\\\/\\\/todoencajavilafranca.com\\\/ca\\\/\"},{\"@type\":\"ListItem\",\"position\":2,\"name\":\"Pol\u00edtica de privadesa\"}]},{\"@type\":\"WebSite\",\"@id\":\"https:\\\/\\\/todoencajavilafranca.com\\\/ca\\\/#website\",\"url\":\"https:\\\/\\\/todoencajavilafranca.com\\\/ca\\\/\",\"name\":\"todoencaja\",\"description\":\"\",\"publisher\":{\"@id\":\"https:\\\/\\\/todoencajavilafranca.com\\\/ca\\\/#organization\"},\"potentialAction\":[{\"@type\":\"SearchAction\",\"target\":{\"@type\":\"EntryPoint\",\"urlTemplate\":\"https:\\\/\\\/todoencajavilafranca.com\\\/ca\\\/?s={search_term_string}\"},\"query-input\":{\"@type\":\"PropertyValueSpecification\",\"valueRequired\":true,\"valueName\":\"search_term_string\"}}],\"inLanguage\":\"ca\"},{\"@type\":\"Organization\",\"@id\":\"https:\\\/\\\/todoencajavilafranca.com\\\/ca\\\/#organization\",\"name\":\"todoencaja\",\"url\":\"https:\\\/\\\/todoencajavilafranca.com\\\/ca\\\/\",\"logo\":{\"@type\":\"ImageObject\",\"inLanguage\":\"ca\",\"@id\":\"https:\\\/\\\/todoencajavilafranca.com\\\/ca\\\/#\\\/schema\\\/logo\\\/image\\\/\",\"url\":\"https:\\\/\\\/todoencajavilafranca.com\\\/wp-content\\\/uploads\\\/2025\\\/03\\\/logo-centrado.svg\",\"contentUrl\":\"https:\\\/\\\/todoencajavilafranca.com\\\/wp-content\\\/uploads\\\/2025\\\/03\\\/logo-centrado.svg\",\"width\":300,\"height\":183,\"caption\":\"todoencaja\"},\"image\":{\"@id\":\"https:\\\/\\\/todoencajavilafranca.com\\\/ca\\\/#\\\/schema\\\/logo\\\/image\\\/\"},\"sameAs\":[\"https:\\\/\\\/www.instagram.com\\\/todoencajavilafranca\\\/\"]}]}<\/script>\n<!-- \/ Yoast SEO plugin. -->","yoast_head_json":{"title":"Pol\u00edtica de privadesa - todoencaja","robots":{"index":"index","follow":"follow","max-snippet":"max-snippet:-1","max-image-preview":"max-image-preview:large","max-video-preview":"max-video-preview:-1"},"canonical":"https:\/\/todoencajavilafranca.com\/ca\/politica-de-privadesa\/","og_locale":"ca_ES","og_type":"article","og_title":"Pol\u00edtica de privadesa - todoencaja","og_description":"Pol\u00edtica de privadesa 1. Introducci\u00f3 A TODOENCAJA TRASTEROS SL (B56920945), ens comprometem a protegir la privadesa i seguretat de les dades personals dels nostres usuaris. Aquesta pol\u00edtica de privadesa explica com recopilem, utilitzem, emmagatzemem i protegim la teva informaci\u00f3. 2. Informaci\u00f3 que Recopilem Recopilem informaci\u00f3 personal que ens proporciones directament quan interactues amb la nostra [&hellip;]","og_url":"https:\/\/todoencajavilafranca.com\/ca\/politica-de-privadesa\/","og_site_name":"todoencaja","article_modified_time":"2025-04-26T08:00:57+00:00","twitter_card":"summary_large_image","twitter_misc":{"Temps estimat de lectura":"1 minut"},"schema":{"@context":"https:\/\/schema.org","@graph":[{"@type":"WebPage","@id":"https:\/\/todoencajavilafranca.com\/ca\/politica-de-privadesa\/","url":"https:\/\/todoencajavilafranca.com\/ca\/politica-de-privadesa\/","name":"Pol\u00edtica de privadesa - todoencaja","isPartOf":{"@id":"https:\/\/todoencajavilafranca.com\/ca\/#website"},"datePublished":"2025-04-26T07:55:18+00:00","dateModified":"2025-04-26T08:00:57+00:00","breadcrumb":{"@id":"https:\/\/todoencajavilafranca.com\/ca\/politica-de-privadesa\/#breadcrumb"},"inLanguage":"ca","potentialAction":[{"@type":"ReadAction","target":["https:\/\/todoencajavilafranca.com\/ca\/politica-de-privadesa\/"]}]},{"@type":"BreadcrumbList","@id":"https:\/\/todoencajavilafranca.com\/ca\/politica-de-privadesa\/#breadcrumb","itemListElement":[{"@type":"ListItem","position":1,"name":"Home","item":"https:\/\/todoencajavilafranca.com\/ca\/"},{"@type":"ListItem","position":2,"name":"Pol\u00edtica de privadesa"}]},{"@type":"WebSite","@id":"https:\/\/todoencajavilafranca.com\/ca\/#website","url":"https:\/\/todoencajavilafranca.com\/ca\/","name":"todoencaja","description":"","publisher":{"@id":"https:\/\/todoencajavilafranca.com\/ca\/#organization"},"potentialAction":[{"@type":"SearchAction","target":{"@type":"EntryPoint","urlTemplate":"https:\/\/todoencajavilafranca.com\/ca\/?s={search_term_string}"},"query-input":{"@type":"PropertyValueSpecification","valueRequired":true,"valueName":"search_term_string"}}],"inLanguage":"ca"},{"@type":"Organization","@id":"https:\/\/todoencajavilafranca.com\/ca\/#organization","name":"todoencaja","url":"https:\/\/todoencajavilafranca.com\/ca\/","logo":{"@type":"ImageObject","inLanguage":"ca","@id":"https:\/\/todoencajavilafranca.com\/ca\/#\/schema\/logo\/image\/","url":"https:\/\/todoencajavilafranca.com\/wp-content\/uploads\/2025\/03\/logo-centrado.svg","contentUrl":"https:\/\/todoencajavilafranca.com\/wp-content\/uploads\/2025\/03\/logo-centrado.svg","width":300,"height":183,"caption":"todoencaja"},"image":{"@id":"https:\/\/todoencajavilafranca.com\/ca\/#\/schema\/logo\/image\/"},"sameAs":["https:\/\/www.instagram.com\/todoencajavilafranca\/"]}]}},"_links":{"self":[{"href":"https:\/\/todoencajavilafranca.com\/ca\/wp-json\/wp\/v2\/pages\/870","targetHints":{"allow":["GET"]}}],"collection":[{"href":"https:\/\/todoencajavilafranca.com\/ca\/wp-json\/wp\/v2\/pages"}],"about":[{"href":"https:\/\/todoencajavilafranca.com\/ca\/wp-json\/wp\/v2\/types\/page"}],"author":[{"embeddable":true,"href":"https:\/\/todoencajavilafranca.com\/ca\/wp-json\/wp\/v2\/users\/1"}],"replies":[{"embeddable":true,"href":"https:\/\/todoencajavilafranca.com\/ca\/wp-json\/wp\/v2\/comments?post=870"}],"version-history":[{"count":0,"href":"https:\/\/todoencajavilafranca.com\/ca\/wp-json\/wp\/v2\/pages\/870\/revisions"}],"wp:attachment":[{"href":"https:\/\/todoencajavilafranca.com\/ca\/wp-json\/wp\/v2\/media?parent=870"}],"curies":[{"name":"wp","href":"https:\/\/api.w.org\/{rel}","templated":true}]}}